{"id":406,"date":"2025-10-10T17:33:23","date_gmt":"2025-10-10T15:33:23","guid":{"rendered":"https:\/\/actionsgs.org\/?page_id=406"},"modified":"2025-12-01T16:32:35","modified_gmt":"2025-12-01T14:32:35","slug":"visite-en-etablissement","status":"publish","type":"page","link":"https:\/\/actionsgs.org\/index.php\/visite-en-etablissement\/","title":{"rendered":"Visite en \u00c9tablissement"},"content":{"rendered":"\n<p>Ces visites sont effectu\u00e9es suivant une convention sign\u00e9e entre le responsable des \u00e9tablissements concern\u00e9s (<strong>R\u00e9sidence-service<\/strong>, <strong>maison de retraite<\/strong>) et les b\u00e9n\u00e9voles <strong>Actions G\u00e9n\u00e9rations Solidaires<\/strong>, r\u00e9gissant les r\u00e8gles et les rythmes de visites.<\/p>\n\n\n\n<p>Le point sur notre action est fait r\u00e9guli\u00e8rement avec les \u00e9quipes d&rsquo;animations.<\/p>\n\n\n\n<p>Une lecture est propos\u00e9e aux personnes \u00e2g\u00e9es qui le d\u00e9sirent, notamment les malvoyantes, dans l&rsquo;un des \u00e9tablissements visit\u00e9s.<\/p>\n\n\n\n<p>Selon que ce sont des visites \u00e0 domicile ou en \u00e9tablissement, les visitants sont invit\u00e9s \u00e0 bien prendre en compte les donn\u00e9es suivantes :<\/p>\n\n\n\n<ul class=\"wp-block-list\">\n<li>Vis-sa-vis des liens qui se tissent obligatoirement, il est important de prendre assez de recul affectif.<\/li>\n\n\n\n<li>La notion d&rsquo;engagement doit \u00eatre parfaitement int\u00e9gr\u00e9e : ne pas imposer \u00e0 la personne \u00e2g\u00e9e visit\u00e9e un nouveau mal-\u00eatre, provoqu\u00e9 par ce qui pourrait \u00eatre v\u00e9cu comme une trahison, si la visite \u00e9tait interrompue sans motif apparent.<\/li>\n<\/ul>\n\n\n<div class=\"wp-block-image\">\n<figure class=\"aligncenter size-large\"><img loading=\"lazy\" decoding=\"async\" width=\"1024\" height=\"683\" src=\"https:\/\/actionsgs.org\/wp-content\/uploads\/2025\/10\/pexels-kampus-7983563-1024x683.jpg\" alt=\"\" class=\"wp-image-407\" srcset=\"https:\/\/actionsgs.org\/wp-content\/uploads\/2025\/10\/pexels-kampus-7983563-1024x683.jpg 1024w, https:\/\/actionsgs.org\/wp-content\/uploads\/2025\/10\/pexels-kampus-7983563-300x200.jpg 300w, https:\/\/actionsgs.org\/wp-content\/uploads\/2025\/10\/pexels-kampus-7983563-768x512.jpg 768w, https:\/\/actionsgs.org\/wp-content\/uploads\/2025\/10\/pexels-kampus-7983563-1536x1024.jpg 1536w, https:\/\/actionsgs.org\/wp-content\/uploads\/2025\/10\/pexels-kampus-7983563-2048x1365.jpg 2048w, https:\/\/actionsgs.org\/wp-content\/uploads\/2025\/10\/pexels-kampus-7983563-1620x1080.jpg 1620w, https:\/\/actionsgs.org\/wp-content\/uploads\/2025\/10\/pexels-kampus-7983563-1200x800.jpg 1200w\" sizes=\"auto, (max-width: 1024px) 100vw, 1024px\" \/><\/figure>\n<\/div>","protected":false},"excerpt":{"rendered":"<p>Ces visites sont effectu\u00e9es suivant une convention sign\u00e9e entre le responsable des \u00e9tablissements concern\u00e9s (R\u00e9sidence-service, maison de retraite) et les b\u00e9n\u00e9voles Actions G\u00e9n\u00e9rations Solidaires, r\u00e9gissant les r\u00e8gles et les rythmes de visites. Le point sur notre action est fait r\u00e9guli\u00e8rement avec les \u00e9quipes d&rsquo;animations. Une lecture est propos\u00e9e aux personnes \u00e2g\u00e9es qui le d\u00e9sirent, notamment [&hellip;]<\/p>\n","protected":false},"author":1,"featured_media":0,"parent":0,"menu_order":0,"comment_status":"closed","ping_status":"closed","template":"","meta":{"footnotes":""},"class_list":["post-406","page","type-page","status-publish","hentry"],"_links":{"self":[{"href":"https:\/\/actionsgs.org\/index.php\/wp-json\/wp\/v2\/pages\/406","targetHints":{"allow":["GET"]}}],"collection":[{"href":"https:\/\/actionsgs.org\/index.php\/wp-json\/wp\/v2\/pages"}],"about":[{"href":"https:\/\/actionsgs.org\/index.php\/wp-json\/wp\/v2\/types\/page"}],"author":[{"embeddable":true,"href":"https:\/\/actionsgs.org\/index.php\/wp-json\/wp\/v2\/users\/1"}],"replies":[{"embeddable":true,"href":"https:\/\/actionsgs.org\/index.php\/wp-json\/wp\/v2\/comments?post=406"}],"version-history":[{"count":2,"href":"https:\/\/actionsgs.org\/index.php\/wp-json\/wp\/v2\/pages\/406\/revisions"}],"predecessor-version":[{"id":961,"href":"https:\/\/actionsgs.org\/index.php\/wp-json\/wp\/v2\/pages\/406\/revisions\/961"}],"wp:attachment":[{"href":"https:\/\/actionsgs.org\/index.php\/wp-json\/wp\/v2\/media?parent=406"}],"curies":[{"name":"wp","href":"https:\/\/api.w.org\/{rel}","templated":true}]}}